{"id":21,"date":"2017-06-01T13:37:37","date_gmt":"2017-06-01T17:37:37","guid":{"rendered":"http:\/\/ppgpmbqbm.draconis.ufms.br\/?page_id=21"},"modified":"2024-10-08T15:20:14","modified_gmt":"2024-10-08T19:20:14","slug":"historia","status":"publish","type":"page","link":"https:\/\/ppgpmbqbm.ufms.br\/en\/historia\/","title":{"rendered":"Hist\u00f3ria"},"content":{"rendered":"Hist\u00f3ria","protected":false},"excerpt":{"rendered":"<p>Hist\u00f3ria<\/p>\n","protected":false},"author":1491,"featured_media":0,"parent":0,"menu_order":0,"comment_status":"closed","ping_status":"closed","template":"","meta":{"ngg_post_thumbnail":0,"footnotes":""},"coauthors":[],"class_list":["post-21","page","type-page","status-publish","hentry"],"_links":{"self":[{"href":"https:\/\/ppgpmbqbm.ufms.br\/en\/wp-json\/wp\/v2\/pages\/21","targetHints":{"allow":["GET"]}}],"collection":[{"href":"https:\/\/ppgpmbqbm.ufms.br\/en\/wp-json\/wp\/v2\/pages"}],"about":[{"href":"https:\/\/ppgpmbqbm.ufms.br\/en\/wp-json\/wp\/v2\/types\/page"}],"author":[{"embeddable":true,"href":"https:\/\/ppgpmbqbm.ufms.br\/en\/wp-json\/wp\/v2\/users\/1491"}],"replies":[{"embeddable":true,"href":"https:\/\/ppgpmbqbm.ufms.br\/en\/wp-json\/wp\/v2\/comments?post=21"}],"version-history":[{"count":20,"href":"https:\/\/ppgpmbqbm.ufms.br\/en\/wp-json\/wp\/v2\/pages\/21\/revisions"}],"predecessor-version":[{"id":2154,"href":"https:\/\/ppgpmbqbm.ufms.br\/en\/wp-json\/wp\/v2\/pages\/21\/revisions\/2154"}],"wp:attachment":[{"href":"https:\/\/ppgpmbqbm.ufms.br\/en\/wp-json\/wp\/v2\/media?parent=21"}],"wp:term":[{"taxonomy":"author","embeddable":true,"href":"https:\/\/ppgpmbqbm.ufms.br\/en\/wp-json\/wp\/v2\/coauthors?post=21"}],"curies":[{"name":"wp","href":"https:\/\/api.w.org\/{rel}","templated":true}]}}